{"id":11174,"date":"2024-06-07T13:57:26","date_gmt":"2024-06-07T13:57:26","guid":{"rendered":"https:\/\/www.medisis.be\/nos-projets\/"},"modified":"2024-06-19T12:35:31","modified_gmt":"2024-06-19T12:35:31","slug":"nos-projets","status":"publish","type":"page","link":"https:\/\/www.medisis.be\/fr\/nos-projets\/","title":{"rendered":"Nos projets"},"content":{"rendered":"<p><div class=\"fusion-fullwidth fullwidth-box fusion-builder-row-1 fusion-flex-container has-pattern-background has-mask-background nonhundred-percent-fullwidth non-hundred-percent-height-scrolling\" style=\"--awb-border-radius-top-left:0px;--awb-border-radius-top-right:0px;--awb-border-radius-bottom-right:0px;--awb-border-radius-bottom-left:0px;--awb-flex-wrap:wrap;\" ><div class=\"fusion-builder-row fusion-row fusion-flex-align-items-flex-start fusion-flex-content-wrap\" style=\"max-width:1372.8px;margin-left: calc(-4% \/ 2 );margin-right: calc(-4% \/ 2 );\"><div class=\"fusion-layout-column fusion_builder_column fusion-builder-column-0 fusion_builder_column_1_5 1_5 fusion-flex-column\" style=\"--awb-bg-size:cover;--awb-width-large:20%;--awb-margin-top-large:0px;--awb-spacing-right-large:9.6%;--awb-margin-bottom-large:20px;--awb-spacing-left-large:9.6%;--awb-width-medium:20%;--awb-order-medium:0;--awb-spacing-right-medium:9.6%;--awb-spacing-left-medium:9.6%;--awb-width-small:100%;--awb-order-small:0;--awb-spacing-right-small:1.92%;--awb-spacing-left-small:1.92%;\"><div class=\"fusion-column-wrapper fusion-column-has-shadow fusion-flex-justify-content-flex-start fusion-content-layout-column\"><\/div><\/div><div class=\"fusion-layout-column fusion_builder_column fusion-builder-column-1 fusion_builder_column_3_5 3_5 fusion-flex-column\" style=\"--awb-bg-size:cover;--awb-width-large:60%;--awb-margin-top-large:0px;--awb-spacing-right-large:3.2%;--awb-margin-bottom-large:20px;--awb-spacing-left-large:3.2%;--awb-width-medium:60%;--awb-order-medium:0;--awb-spacing-right-medium:3.2%;--awb-spacing-left-medium:3.2%;--awb-width-small:100%;--awb-order-small:0;--awb-spacing-right-small:1.92%;--awb-spacing-left-small:1.92%;\"><div class=\"fusion-column-wrapper fusion-column-has-shadow fusion-flex-justify-content-flex-start fusion-content-layout-column\"><div class=\"fusion-title title fusion-title-1 fusion-sep-none fusion-title-center fusion-title-text fusion-title-size-two\"><h2 class=\"fusion-title-heading title-heading-center\" style=\"margin:0;\"><h2 class=\"fusion-title-heading title-heading-center fusion-responsive-typography-calculated\" data-fontsize=\"44\" data-lineheight=\"61.6px\">Nous cr\u00e9ons de la valeur durable et de la croissance en investissant dans les personnes.<\/h2><\/h2><\/div><div class=\"fusion-text fusion-text-1\"><p style=\"text-align: center;\">Bienvenue sur notre page de pr\u00e9sentation des projets. Vous trouverez ici une liste compl\u00e8te de nos projets en cours et achev\u00e9s visant \u00e0 faire progresser les soins de sant\u00e9 gr\u00e2ce \u00e0 des solutions technologiques innovantes. Chaque projet t\u00e9moigne de notre engagement \u00e0 am\u00e9liorer les r\u00e9sultats pour les patients, \u00e0 renforcer les pratiques m\u00e9dicales et \u00e0 tirer parti des technologies de pointe pour relever des d\u00e9fis complexes en mati\u00e8re de soins de sant\u00e9.<\/p>\n<\/div><\/div><\/div><div class=\"fusion-layout-column fusion_builder_column fusion-builder-column-2 fusion_builder_column_1_5 1_5 fusion-flex-column\" style=\"--awb-bg-size:cover;--awb-width-large:20%;--awb-margin-top-large:0px;--awb-spacing-right-large:9.6%;--awb-margin-bottom-large:20px;--awb-spacing-left-large:9.6%;--awb-width-medium:20%;--awb-order-medium:0;--awb-spacing-right-medium:9.6%;--awb-spacing-left-medium:9.6%;--awb-width-small:100%;--awb-order-small:0;--awb-spacing-right-small:1.92%;--awb-spacing-left-small:1.92%;\"><div class=\"fusion-column-wrapper fusion-column-has-shadow fusion-flex-justify-content-flex-start fusion-content-layout-column\"><\/div><\/div><\/div><\/div><div class=\"fusion-fullwidth fullwidth-box fusion-builder-row-2 fusion-flex-container has-pattern-background has-mask-background nonhundred-percent-fullwidth non-hundred-percent-height-scrolling\" style=\"--awb-border-radius-top-left:0px;--awb-border-radius-top-right:0px;--awb-border-radius-bottom-right:0px;--awb-border-radius-bottom-left:0px;--awb-flex-wrap:wrap;\" ><div class=\"fusion-builder-row fusion-row fusion-flex-align-items-flex-start fusion-flex-content-wrap\" style=\"max-width:1372.8px;margin-left: calc(-4% \/ 2 );margin-right: calc(-4% \/ 2 );\"><div class=\"fusion-layout-column fusion_builder_column fusion-builder-column-3 fusion_builder_column_1_1 1_1 fusion-flex-column\" style=\"--awb-bg-size:cover;--awb-width-large:100%;--awb-margin-top-large:0px;--awb-spacing-right-large:1.92%;--awb-margin-bottom-large:20px;--awb-spacing-left-large:1.92%;--awb-width-medium:100%;--awb-order-medium:0;--awb-spacing-right-medium:1.92%;--awb-spacing-left-medium:1.92%;--awb-width-small:100%;--awb-order-small:0;--awb-spacing-right-small:1.92%;--awb-spacing-left-small:1.92%;\"><div class=\"fusion-column-wrapper fusion-column-has-shadow fusion-flex-justify-content-flex-start fusion-content-layout-column\"><div class=\"fusion-post-cards fusion-post-cards-1 fusion-grid-archive fusion-grid-columns-2\" style=\"--awb-dots-align:center;--awb-columns:2;--awb-active-filter-border-size:3px;--awb-filters-height:36px;\"><ul class=\"fusion-grid fusion-grid-2 fusion-flex-align-items-flex-start fusion-grid-posts-cards\"><li class=\"fusion-layout-column fusion_builder_column fusion-builder-column-4 fusion-flex-column post-card fusion-grid-column fusion-post-cards-grid-column\" style=\"--awb-bg-blend:overlay;--awb-bg-size:cover;--awb-flex-grow:0;--awb-flex-shrink:0;--awb-flex-grow-medium:0;--awb-flex-shrink-medium:0;--awb-flex-grow-small:0;--awb-flex-shrink-small:0;\"><div class=\"fusion-column-wrapper fusion-flex-justify-content-flex-start fusion-content-layout-column\"><div class=\"fusion-classic-product-image-wrapper fusion-woo-product-image fusion-post-card-image fusion-post-card-image-1 has-aspect-ratio\" data-layout=\"static\" style=\"--awb-border-radius-top-left:10px;--awb-border-radius-top-right:10px;--awb-border-radius-bottom-right:10px;--awb-border-radius-bottom-left:10px;--awb-aspect-ratio-position:49% 31%;--awb-aspect-ratio:3 \/ 2;\"><div  class=\"fusion-image-wrapper\" aria-haspopup=\"true\">\n\t\t\t\t\t\t\t<a href=\"\" aria-label=\"Rhapsodie\">\n\t\t\t\t\t\t\t<img decoding=\"async\" width=\"705\" height=\"300\" src=\"https:\/\/www.medisis.be\/wp-content\/uploads\/2024\/06\/raphsody-featured.png\" class=\"attachment-full size-full lazyload wp-post-image\" alt=\"\" srcset=\"data:image\/svg+xml,%3Csvg%20xmlns%3D%27http%3A%2F%2Fwww.w3.org%2F2000%2Fsvg%27%20width%3D%27705%27%20height%3D%27300%27%20viewBox%3D%270%200%20705%20300%27%3E%3Crect%20width%3D%27705%27%20height%3D%27300%27%20fill-opacity%3D%220%22%2F%3E%3C%2Fsvg%3E\" data-orig-src=\"https:\/\/www.medisis.be\/wp-content\/uploads\/2024\/06\/raphsody-featured.png\" data-srcset=\"https:\/\/www.medisis.be\/wp-content\/uploads\/2024\/06\/raphsody-featured-200x85.png 200w, https:\/\/www.medisis.be\/wp-content\/uploads\/2024\/06\/raphsody-featured-400x170.png 400w, https:\/\/www.medisis.be\/wp-content\/uploads\/2024\/06\/raphsody-featured-600x255.png 600w, https:\/\/www.medisis.be\/wp-content\/uploads\/2024\/06\/raphsody-featured.png 705w\" data-sizes=\"auto\" \/>\t\t\t<\/a>\n\t\t\t\t\t\t\t<\/div>\n<\/div><div class=\"fusion-builder-row fusion-builder-row-inner fusion-row fusion-flex-align-items-flex-start fusion-flex-content-wrap\" style=\"width:104% !important;max-width:104% !important;margin-left: calc(-4% \/ 2 );margin-right: calc(-4% \/ 2 );\"><div class=\"fusion-layout-column fusion_builder_column_inner fusion-builder-nested-column-0 fusion_builder_column_inner_1_1 1_1 fusion-flex-column\" style=\"--awb-padding-top:25px;--awb-padding-right:40px;--awb-padding-bottom:20px;--awb-padding-left:40px;--awb-overflow:hidden;--awb-bg-color:var(--awb-color1);--awb-bg-color-hover:var(--awb-color1);--awb-bg-size:cover;--awb-box-shadow:2px 2px 40px 0px hsla(var(--awb-color8-h),var(--awb-color8-s),var(--awb-color8-l),calc(var(--awb-color8-a) - 90%));;--awb-border-radius:25px 25px 25px 25px;--awb-transform:translateY(0px);--awb-transform-hover:translateY(-15px);--awb-width-large:100%;--awb-margin-top-large:-100px;--awb-spacing-right-large:80px;--awb-margin-bottom-large:20px;--awb-spacing-left-large:80px;--awb-width-medium:100%;--awb-order-medium:0;--awb-spacing-right-medium:80px;--awb-spacing-left-medium:80px;--awb-width-small:100%;--awb-order-small:0;--awb-spacing-right-small:1.92%;--awb-spacing-left-small:1.92%;\" data-scroll-devices=\"small-visibility,medium-visibility,large-visibility\"><div class=\"fusion-column-wrapper fusion-column-has-shadow fusion-flex-justify-content-flex-start fusion-content-layout-column\"><div class=\"fusion-title title fusion-title-2 fusion-sep-none fusion-title-center fusion-title-text fusion-title-size-four\" style=\"--awb-margin-bottom:10px;--awb-link-color:var(--awb-color8);\"><h4 class=\"fusion-title-heading title-heading-center\" style=\"margin:0;\"><a href=\"https:\/\/www.medisis.be\/fr\/rhapsodie\/\" class=\"awb-custom-text-color awb-custom-text-hover-color\" target=\"_self\">Rhapsodie<\/a><\/h4><\/div><div class=\"fusion-text fusion-text-2\" style=\"--awb-content-alignment:center;--awb-text-color:var(--awb-color4);\"><\/div><\/div><\/div><\/div><\/div><\/li>\n<li class=\"fusion-layout-column fusion_builder_column fusion-builder-column-5 fusion-flex-column post-card fusion-grid-column fusion-post-cards-grid-column\" style=\"--awb-bg-blend:overlay;--awb-bg-size:cover;--awb-flex-grow:0;--awb-flex-shrink:0;--awb-flex-grow-medium:0;--awb-flex-shrink-medium:0;--awb-flex-grow-small:0;--awb-flex-shrink-small:0;\"><div class=\"fusion-column-wrapper fusion-flex-justify-content-flex-start fusion-content-layout-column\"><div class=\"fusion-classic-product-image-wrapper fusion-woo-product-image fusion-post-card-image fusion-post-card-image-1 has-aspect-ratio\" data-layout=\"static\" style=\"--awb-border-radius-top-left:10px;--awb-border-radius-top-right:10px;--awb-border-radius-bottom-right:10px;--awb-border-radius-bottom-left:10px;--awb-aspect-ratio-position:49% 31%;--awb-aspect-ratio:3 \/ 2;\"><div  class=\"fusion-image-wrapper\" aria-haspopup=\"true\">\n\t\t\t\t\t\t\t<a href=\"\" aria-label=\"BARCO\">\n\t\t\t\t\t\t\t<img decoding=\"async\" width=\"2249\" height=\"1359\" src=\"https:\/\/www.medisis.be\/wp-content\/uploads\/2024\/06\/Register_now_for_the_event__1717676467.jpg\" class=\"attachment-full size-full lazyload wp-post-image\" alt=\"\" srcset=\"data:image\/svg+xml,%3Csvg%20xmlns%3D%27http%3A%2F%2Fwww.w3.org%2F2000%2Fsvg%27%20width%3D%272249%27%20height%3D%271359%27%20viewBox%3D%270%200%202249%201359%27%3E%3Crect%20width%3D%272249%27%20height%3D%271359%27%20fill-opacity%3D%220%22%2F%3E%3C%2Fsvg%3E\" data-orig-src=\"https:\/\/www.medisis.be\/wp-content\/uploads\/2024\/06\/Register_now_for_the_event__1717676467.jpg\" data-srcset=\"https:\/\/www.medisis.be\/wp-content\/uploads\/2024\/06\/Register_now_for_the_event__1717676467-200x121.jpg 200w, https:\/\/www.medisis.be\/wp-content\/uploads\/2024\/06\/Register_now_for_the_event__1717676467-400x242.jpg 400w, https:\/\/www.medisis.be\/wp-content\/uploads\/2024\/06\/Register_now_for_the_event__1717676467-600x363.jpg 600w, https:\/\/www.medisis.be\/wp-content\/uploads\/2024\/06\/Register_now_for_the_event__1717676467-800x483.jpg 800w, https:\/\/www.medisis.be\/wp-content\/uploads\/2024\/06\/Register_now_for_the_event__1717676467-1200x725.jpg 1200w, https:\/\/www.medisis.be\/wp-content\/uploads\/2024\/06\/Register_now_for_the_event__1717676467.jpg 2249w\" data-sizes=\"auto\" \/>\t\t\t<\/a>\n\t\t\t\t\t\t\t<\/div>\n<\/div><div class=\"fusion-builder-row fusion-builder-row-inner fusion-row fusion-flex-align-items-flex-start fusion-flex-content-wrap\" style=\"width:104% !important;max-width:104% !important;margin-left: calc(-4% \/ 2 );margin-right: calc(-4% \/ 2 );\"><div class=\"fusion-layout-column fusion_builder_column_inner fusion-builder-nested-column-1 fusion_builder_column_inner_1_1 1_1 fusion-flex-column\" style=\"--awb-padding-top:25px;--awb-padding-right:40px;--awb-padding-bottom:20px;--awb-padding-left:40px;--awb-overflow:hidden;--awb-bg-color:var(--awb-color1);--awb-bg-color-hover:var(--awb-color1);--awb-bg-size:cover;--awb-box-shadow:2px 2px 40px 0px hsla(var(--awb-color8-h),var(--awb-color8-s),var(--awb-color8-l),calc(var(--awb-color8-a) - 90%));;--awb-border-radius:25px 25px 25px 25px;--awb-transform:translateY(0px);--awb-transform-hover:translateY(-15px);--awb-width-large:100%;--awb-margin-top-large:-100px;--awb-spacing-right-large:80px;--awb-margin-bottom-large:20px;--awb-spacing-left-large:80px;--awb-width-medium:100%;--awb-order-medium:0;--awb-spacing-right-medium:80px;--awb-spacing-left-medium:80px;--awb-width-small:100%;--awb-order-small:0;--awb-spacing-right-small:1.92%;--awb-spacing-left-small:1.92%;\" data-scroll-devices=\"small-visibility,medium-visibility,large-visibility\"><div class=\"fusion-column-wrapper fusion-column-has-shadow fusion-flex-justify-content-flex-start fusion-content-layout-column\"><div class=\"fusion-title title fusion-title-3 fusion-sep-none fusion-title-center fusion-title-text fusion-title-size-four\" style=\"--awb-margin-bottom:10px;--awb-link-color:var(--awb-color8);\"><h4 class=\"fusion-title-heading title-heading-center\" style=\"margin:0;\"><a href=\"https:\/\/www.medisis.be\/fr\/barco\/\" class=\"awb-custom-text-color awb-custom-text-hover-color\" target=\"_self\">BARCO<\/a><\/h4><\/div><div class=\"fusion-text fusion-text-3\" style=\"--awb-content-alignment:center;--awb-text-color:var(--awb-color4);\"><\/div><\/div><\/div><\/div><\/div><\/li>\n<\/ul><\/div><\/div><\/div><\/div><\/div><\/p>\n","protected":false},"excerpt":{"rendered":"","protected":false},"author":1,"featured_media":0,"parent":0,"menu_order":0,"comment_status":"closed","ping_status":"closed","template":"100-width.php","meta":{"_acf_changed":false,"_price":"","_stock":"","_tribe_ticket_header":"","_tribe_default_ticket_provider":"","_ticket_start_date":"","_ticket_end_date":"","_tribe_ticket_show_description":"","_tribe_ticket_show_not_going":false,"_tribe_ticket_use_global_stock":"","_tribe_ticket_global_stock_level":"","_global_stock_mode":"","_global_stock_cap":"","_tribe_rsvp_for_event":"","_tribe_ticket_going_count":"","_tribe_ticket_not_going_count":"","_tribe_tickets_list":"[]","_tribe_ticket_has_attendee_info_fields":false,"footnotes":"","_tec_slr_enabled":"","_tec_slr_layout":""},"class_list":["post-11174","page","type-page","status-publish","hentry"],"acf":[],"yoast_head":"<!-- This site is optimized with the Yoast SEO plugin v27.0 - https:\/\/yoast.com\/product\/yoast-seo-wordpress\/ -->\n<title>Nos projets - Medisis<\/title>\n<meta name=\"robots\" content=\"index, follow, max-snippet:-1, max-image-preview:large, max-video-preview:-1\" \/>\n<link rel=\"canonical\" href=\"https:\/\/www.medisis.be\/fr\/nos-projets\/\" \/>\n<meta property=\"og:locale\" content=\"fr_FR\" \/>\n<meta property=\"og:type\" content=\"article\" \/>\n<meta property=\"og:title\" content=\"Nos projets - Medisis\" \/>\n<meta property=\"og:url\" content=\"https:\/\/www.medisis.be\/fr\/nos-projets\/\" \/>\n<meta property=\"og:site_name\" content=\"Medisis\" \/>\n<meta property=\"article:modified_time\" content=\"2024-06-19T12:35:31+00:00\" \/>\n<meta name=\"twitter:card\" content=\"summary_large_image\" \/>\n<meta name=\"twitter:label1\" content=\"Dur\u00e9e de lecture estim\u00e9e\" \/>\n\t<meta name=\"twitter:data1\" content=\"18 minutes\" \/>\n<script type=\"application\/ld+json\" class=\"yoast-schema-graph\">{\"@context\":\"https:\/\/schema.org\",\"@graph\":[{\"@type\":\"WebPage\",\"@id\":\"https:\/\/www.medisis.be\/fr\/nos-projets\/\",\"url\":\"https:\/\/www.medisis.be\/fr\/nos-projets\/\",\"name\":\"Nos projets - Medisis\",\"isPartOf\":{\"@id\":\"https:\/\/www.medisis.be\/fr\/#website\"},\"datePublished\":\"2024-06-07T13:57:26+00:00\",\"dateModified\":\"2024-06-19T12:35:31+00:00\",\"breadcrumb\":{\"@id\":\"https:\/\/www.medisis.be\/fr\/nos-projets\/#breadcrumb\"},\"inLanguage\":\"fr-FR\",\"potentialAction\":[{\"@type\":\"ReadAction\",\"target\":[\"https:\/\/www.medisis.be\/fr\/nos-projets\/\"]}]},{\"@type\":\"BreadcrumbList\",\"@id\":\"https:\/\/www.medisis.be\/fr\/nos-projets\/#breadcrumb\",\"itemListElement\":[{\"@type\":\"ListItem\",\"position\":1,\"name\":\"Home\",\"item\":\"https:\/\/www.medisis.be\/fr\/accueil\/\"},{\"@type\":\"ListItem\",\"position\":2,\"name\":\"Nos projets\"}]},{\"@type\":\"WebSite\",\"@id\":\"https:\/\/www.medisis.be\/fr\/#website\",\"url\":\"https:\/\/www.medisis.be\/fr\/\",\"name\":\"Medisis\",\"description\":\"\",\"potentialAction\":[{\"@type\":\"SearchAction\",\"target\":{\"@type\":\"EntryPoint\",\"urlTemplate\":\"https:\/\/www.medisis.be\/fr\/?s={search_term_string}\"},\"query-input\":{\"@type\":\"PropertyValueSpecification\",\"valueRequired\":true,\"valueName\":\"search_term_string\"}}],\"inLanguage\":\"fr-FR\"}]}<\/script>\n<!-- \/ Yoast SEO plugin. -->","yoast_head_json":{"title":"Nos projets - Medisis","robots":{"index":"index","follow":"follow","max-snippet":"max-snippet:-1","max-image-preview":"max-image-preview:large","max-video-preview":"max-video-preview:-1"},"canonical":"https:\/\/www.medisis.be\/fr\/nos-projets\/","og_locale":"fr_FR","og_type":"article","og_title":"Nos projets - Medisis","og_url":"https:\/\/www.medisis.be\/fr\/nos-projets\/","og_site_name":"Medisis","article_modified_time":"2024-06-19T12:35:31+00:00","twitter_card":"summary_large_image","twitter_misc":{"Dur\u00e9e de lecture estim\u00e9e":"18 minutes"},"schema":{"@context":"https:\/\/schema.org","@graph":[{"@type":"WebPage","@id":"https:\/\/www.medisis.be\/fr\/nos-projets\/","url":"https:\/\/www.medisis.be\/fr\/nos-projets\/","name":"Nos projets - Medisis","isPartOf":{"@id":"https:\/\/www.medisis.be\/fr\/#website"},"datePublished":"2024-06-07T13:57:26+00:00","dateModified":"2024-06-19T12:35:31+00:00","breadcrumb":{"@id":"https:\/\/www.medisis.be\/fr\/nos-projets\/#breadcrumb"},"inLanguage":"fr-FR","potentialAction":[{"@type":"ReadAction","target":["https:\/\/www.medisis.be\/fr\/nos-projets\/"]}]},{"@type":"BreadcrumbList","@id":"https:\/\/www.medisis.be\/fr\/nos-projets\/#breadcrumb","itemListElement":[{"@type":"ListItem","position":1,"name":"Home","item":"https:\/\/www.medisis.be\/fr\/accueil\/"},{"@type":"ListItem","position":2,"name":"Nos projets"}]},{"@type":"WebSite","@id":"https:\/\/www.medisis.be\/fr\/#website","url":"https:\/\/www.medisis.be\/fr\/","name":"Medisis","description":"","potentialAction":[{"@type":"SearchAction","target":{"@type":"EntryPoint","urlTemplate":"https:\/\/www.medisis.be\/fr\/?s={search_term_string}"},"query-input":{"@type":"PropertyValueSpecification","valueRequired":true,"valueName":"search_term_string"}}],"inLanguage":"fr-FR"}]}},"ticketed":false,"_links":{"self":[{"href":"https:\/\/www.medisis.be\/fr\/wp-json\/wp\/v2\/pages\/11174","targetHints":{"allow":["GET"]}}],"collection":[{"href":"https:\/\/www.medisis.be\/fr\/wp-json\/wp\/v2\/pages"}],"about":[{"href":"https:\/\/www.medisis.be\/fr\/wp-json\/wp\/v2\/types\/page"}],"author":[{"embeddable":true,"href":"https:\/\/www.medisis.be\/fr\/wp-json\/wp\/v2\/users\/1"}],"replies":[{"embeddable":true,"href":"https:\/\/www.medisis.be\/fr\/wp-json\/wp\/v2\/comments?post=11174"}],"version-history":[{"count":1,"href":"https:\/\/www.medisis.be\/fr\/wp-json\/wp\/v2\/pages\/11174\/revisions"}],"predecessor-version":[{"id":11180,"href":"https:\/\/www.medisis.be\/fr\/wp-json\/wp\/v2\/pages\/11174\/revisions\/11180"}],"wp:attachment":[{"href":"https:\/\/www.medisis.be\/fr\/wp-json\/wp\/v2\/media?parent=11174"}],"curies":[{"name":"wp","href":"https:\/\/api.w.org\/{rel}","templated":true}]}}